{"id":335,"date":"2025-11-18T14:21:22","date_gmt":"2025-11-18T14:21:22","guid":{"rendered":"http:\/\/laboitx.cluster100.hosting.ovh.net\/?page_id=335"},"modified":"2026-03-16T14:35:11","modified_gmt":"2026-03-16T14:35:11","slug":"notre_relation","status":"publish","type":"page","link":"https:\/\/www.laboiteait.fr\/index.php\/colibri-wp\/notre_relation\/","title":{"rendered":"Notre relation"},"content":{"rendered":"<div data-colibri-id=\"335-c1\" class=\"style-620 style-local-335-c1 position-relative\">\n  <!---->\n  <div data-colibri-component=\"section\" data-colibri-id=\"335-c2\" id=\"reusable-sections\" class=\"h-section h-section-global-spacing d-flex align-items-lg-center align-items-md-center align-items-center style-641 style-local-335-c2 position-relative\">\n    <!---->\n    <!---->\n    <div class=\"h-section-grid-container h-section-boxed-container\">\n      <!---->\n      <div data-colibri-id=\"335-c3\" class=\"h-row-container gutters-row-lg-2 gutters-row-md-2 gutters-row-2 gutters-row-v-lg-2 gutters-row-v-md-2 gutters-row-v-2 style-642 style-local-335-c3 position-relative\">\n        <!---->\n        <div class=\"h-row justify-content-lg-center justify-content-md-center justify-content-center align-items-lg-stretch align-items-md-stretch align-items-stretch gutters-col-lg-2 gutters-col-md-2 gutters-col-2 gutters-col-v-lg-2 gutters-col-v-md-2 gutters-col-v-2\">\n          <!---->\n          <div class=\"h-column h-column-container d-flex h-col-lg-auto h-col-md-auto h-col-auto style-643-outer style-local-335-c4-outer\">\n            <div data-colibri-id=\"335-c4\" class=\"d-flex h-flex-basis h-column__inner h-px-lg-3 h-px-md-2 h-px-3 v-inner-lg-3 v-inner-md-2 v-inner-3 style-643 style-local-335-c4 position-relative\">\n              <!---->\n              <!---->\n              <div class=\"w-100 h-y-container h-column__content h-column__v-align flex-basis-100 align-self-lg-center align-self-md-center align-self-center\">\n                <!---->\n                <div data-colibri-id=\"335-c5\" class=\"d-block style-644 style-local-335-c5 position-relative h-element\">\n                  <!---->\n                  <div class=\"h-image__frame-container-outer\">\n                    <div class=\"h-image__frame-container\">\n                      <!---->\n                      <!---->\n                      <img loading=\"lazy\" decoding=\"async\" width=\"1280\" height=\"853\" src=\"https:\/\/www.laboiteait.fr\/wp-content\/uploads\/2025\/10\/colibri-image-103.png\" class=\"wp-image-167 style-644-image style-local-335-c5-image\" alt=\"\" srcset=\"https:\/\/www.laboiteait.fr\/wp-content\/uploads\/2025\/10\/colibri-image-103.png 1280w, https:\/\/www.laboiteait.fr\/wp-content\/uploads\/2025\/10\/colibri-image-103-300x200.png 300w, https:\/\/www.laboiteait.fr\/wp-content\/uploads\/2025\/10\/colibri-image-103-1024x682.png 1024w, https:\/\/www.laboiteait.fr\/wp-content\/uploads\/2025\/10\/colibri-image-103-768x512.png 768w\" sizes=\"auto, (max-width: 1280px) 100vw, 1280px\" \/>\n                      <div class=\"h-image__frame h-image__frame_shadow h-hide-sm style-644-frameImage style-local-335-c5-frameImage\"><\/div>\n                    <\/div>\n                  <\/div>\n                <\/div>\n              <\/div>\n            <\/div>\n          <\/div>\n          <div class=\"h-column h-column-container d-flex h-col-lg-auto h-col-md-auto h-col-auto style-645-outer style-local-335-c6-outer\">\n            <div data-colibri-id=\"335-c6\" class=\"d-flex h-flex-basis h-column__inner h-px-lg-2 h-px-md-2 h-px-2 v-inner-lg-2 v-inner-md-2 v-inner-2 style-645 style-local-335-c6 position-relative\">\n              <!---->\n              <!---->\n              <div class=\"w-100 h-y-container h-column__content h-column__v-align flex-basis-100 align-self-lg-center align-self-md-center align-self-center\">\n                <!---->\n                <div data-colibri-id=\"335-c7\" class=\"h-global-transition-all h-heading style-646 style-local-335-c7 position-relative h-element\">\n                  <!---->\n                  <div class=\"h-heading__outer style-646 style-local-335-c7\">\n                    <!---->\n                    <!---->\n                    <h3 class=\"\">Pourquoi sera-t-elle simple ?<\/h3>\n                  <\/div>\n                <\/div>\n                <div data-colibri-id=\"335-c8\" class=\"h-lead h-text h-text-component style-647 style-local-335-c8 position-relative h-element\">\n                  <!---->\n                  <!---->\n                  <div class=\"\">\n                    <p>Le plus compliqu\u00e9, c&rsquo;est de faire simple, alors faisons-le.\n                      <br>Notre mission sera de faciliter la v\u00f4tre, faire en sorte que tout vous paraisse simple, d&rsquo;all\u00e9ger les d\u00e9marches pour gagner en rapidit\u00e9. Nous serons votre Task-Force pour intervenir efficacement, selon vos directives.<\/p>\n                  <\/div>\n                <\/div>\n                <div data-colibri-id=\"335-c9\" class=\"h-row-container gutters-row-lg-0 gutters-row-md-0 gutters-row-0 gutters-row-v-lg-0 gutters-row-v-md-0 gutters-row-v-0 style-648 style-local-335-c9 position-relative\">\n                  <!---->\n                  <div class=\"h-row justify-content-lg-center justify-content-md-center justify-content-center align-items-lg-stretch align-items-md-stretch align-items-stretch gutters-col-lg-0 gutters-col-md-0 gutters-col-0 gutters-col-v-lg-0 gutters-col-v-md-0 gutters-col-v-0\">\n                    <!---->\n                    <div class=\"h-column h-column-container d-flex h-col-lg-6 h-col-md-6 h-col-12 style-649-outer style-local-335-c10-outer\">\n                      <div data-colibri-id=\"335-c10\" class=\"d-flex h-flex-basis h-column__inner h-px-lg-2 h-px-md-2 h-px-2 v-inner-lg-2 v-inner-md-2 v-inner-2 style-649 style-local-335-c10 position-relative\">\n                        <!---->\n                        <!---->\n                        <div class=\"w-100 h-y-container h-column__content h-column__v-align flex-basis-100 align-self-lg-start align-self-md-start align-self-start\">\n                          <!---->\n                          <div data-colibri-id=\"335-c11\" class=\"h-icon style-650 style-local-335-c11 position-relative h-element\">\n                            <!----><span class=\"h-svg-icon h-icon__icon style-650-icon style-local-335-c11-icon\"><!--Icon by Icons8 Line Awesome (https:\/\/icons8.com\/line-awesome)--><svg version=\"1.1\" xmlns=\"http:\/\/www.w3.org\/2000\/svg\" xmlns:xlink=\"http:\/\/www.w3.org\/1999\/xlink\" id=\"certificate\" viewBox=\"0 0 512 545.5\"><path d=\"M256 80c9.983 0 19.968 3.405 28.5 9.5L311 108l30 4h.5c21.032 2.554 37.638 19.561 40.5 40.5.053.387.457.61.5 1h-.5l6 30 18.5 26.5c12.19 17.064 11.676 39.618.5 57.5v.5l-.5.5L388 295l-4 30 50 76 16.5 24.5H374l-18.5 43L344 496l-16.5-25-50.5-76c-13.095 6.064-28.457 5.585-42 0l-50.5 76-16.5 25-11.5-27.5-18.5-43H61.5L78 401l51.5-78.5-5-27.5-19-26.5c-12.19-17.064-11.676-40.118-.5-58v-.5l.5-.5 18.5-24 4-31v-.5l.5-.5c4.534-20.402 20.598-36.466 41-41l.5-.5h.5l30.5-4 26.5-18.5c8.532-6.095 18.517-9.5 28.5-9.5zm0 32.5c-3.666 0-7.332 1.095-10 3L217.5 136l-3.5 2.5-4 .5-33.5 4.5c-.247.055-.257.438-.5.5-7.79 2.005-13.995 8.21-16 16-.063.243-.445.253-.5.5L155 194l-.5 4.5-2.5 3-20 26c-4.824 7.72-4.31 17.165-.5 22.5l20.5 28.5 2.5 3 .5 4 6.5 36.5v1c.246 2.212 1.006 4.255 2 6 2.224 3.903 6.053 6.45 11 7h.5l35 5 4.5.5 3 2.5 26 20c7.72 4.824 17.165 4.31 22.5.5l28.5-20.5 3-2.5 4-.5 36.5-6.5h1c4.002-.444 7.192-2.272 9.5-5v-.5l1-.5c1.337-1.955 2.207-4.365 2.5-7v-.5l5-35 .5-4 2.5-3.5 20-28c4.824-7.72 4.31-16.665.5-22L360 200l-2.5-3-.5-3.5-6.5-35.5v-1c-.796-7.16-5.84-12.204-13-13h-.5l-35-5-4-.5-3.5-2.5-28.5-20.5c-2.668-1.905-6.334-3-10-3zM366.5 356c-6.544 5.165-14.402 8.824-23 10-.387.053-.61.457-1 .5v-.5l-31.5 5.5-7.5 5.5 34 52 11-25.5 4-10H391zm-221 .5l-24.5 37h38.5l4 10 11 25.5 34-51.5-7-5.5-30.5-4c-.157-.018-.343.02-.5 0-9.517-1.155-18.16-5.4-25-11.5z\"><\/path><\/svg><\/span><\/div>\n                          <div\n                            data-colibri-id=\"335-c12\" class=\"h-global-transition-all h-heading style-651 style-local-335-c12 position-relative h-element\">\n                            <!---->\n                            <div class=\"h-heading__outer style-651 style-local-335-c12\">\n                              <!---->\n                              <!---->\n                              <h5 class=\"\">comment?<\/h5>\n                            <\/div>\n                        <\/div>\n                        <div data-colibri-id=\"335-c13\" class=\"h-text h-text-component style-652 style-local-335-c13 position-relative h-element\">\n                          <!---->\n                          <!---->\n                          <div class=\"\">\n                            <p>En vulgarisant le discours des experts, pour que tout le monde le comprenne,<\/p>\n                            <p>En \u00e9tant sur le terrain, aux c\u00f4t\u00e9s des m\u00e9tiers, en \u00e9tant dans l&rsquo;action, la r\u00e9alisation, l&rsquo;exp\u00e9rimentation,<\/p>\n                            <p>En \u00e9tant le trait d&rsquo;union entre les parties prenantes des projets<\/p>\n                          <\/div>\n                        <\/div>\n                      <\/div>\n                    <\/div>\n                  <\/div>\n                  <div class=\"h-column h-column-container d-flex h-col-lg-6 h-col-md-6 h-col-12 style-649-outer style-local-335-c14-outer\">\n                    <div data-colibri-id=\"335-c14\" class=\"d-flex h-flex-basis h-column__inner h-px-lg-2 h-px-md-2 h-px-2 v-inner-lg-2 v-inner-md-2 v-inner-2 style-649 style-local-335-c14 position-relative\">\n                      <!---->\n                      <!---->\n                      <div class=\"w-100 h-y-container h-column__content h-column__v-align flex-basis-100 align-self-lg-start align-self-md-start align-self-start\">\n                        <!---->\n                        <div data-colibri-id=\"335-c15\" class=\"h-icon style-650 style-local-335-c15 position-relative h-element\">\n                          <!----><span class=\"h-svg-icon h-icon__icon style-650-icon style-local-335-c15-icon\"><!--Icon by Icons8 Line Awesome (https:\/\/icons8.com\/line-awesome)--><svg version=\"1.1\" xmlns=\"http:\/\/www.w3.org\/2000\/svg\" xmlns:xlink=\"http:\/\/www.w3.org\/1999\/xlink\" id=\"trophy\" viewBox=\"0 0 512 545.5\"><path d=\"M112 96c20.432 0 34.443 9.337 42 16h204c7.555-6.663 21.56-16 42-16 15.083 0 30.654 5.685 43 16.5s21 27.46 21 47.5c0 16.994-7.14 31.528-16 43s-19.62 20.576-29.5 29.5C398.74 250.35 384 265.032 384 288c0 2.425 2.392 8.33 5.5 13s6 7.5 6 7.5l-23 22.5s-5.108-5.153-10-12.5c-4.311-6.477-8.906-14.99-10-26-1.953 5.507-3.92 11.184-6 16.5-11.1 28.352-23.64 53.894-38 73-5.23 6.958-10.972 13.176-17 18.5 33.533 1.856 60.5 29.53 60.5 63.5v16H160v-16c0-33.637 26.426-61.153 59.5-63.5-5.94-5.323-11.29-11.523-16.5-18.5-14.305-19.16-26.972-44.61-38-73-1.937-4.986-3.678-10.343-5.5-15.5-1.273 10.537-5.815 18.715-10 25-4.892 7.347-10 12.5-10 12.5l-23-22.5s2.892-2.83 6-7.5 5.5-10.575 5.5-13c0-22.968-14.74-37.65-34.5-55.5-9.88-8.924-20.64-18.028-29.5-29.5s-16-26.006-16-43c0-20.04 8.654-36.685 21-47.5S96.917 96 112 96zm0 32c-6.95 0-15.354 3.115-21.5 8.5S80 148.84 80 160c0 8.687 2.86 15.552 9 23.5s15.38 16.36 25.5 25.5c9.348 8.442 19.993 17.985 28.5 29.5-8.924-36.36-14.548-73.38-15-106-3.553-2.116-8.42-4.5-16-4.5zm288 0c-7.59 0-12.45 2.384-16 4.5-.467 33.078-6.308 70.397-15.5 107 8.62-11.907 19.416-21.844 29-30.5 10.12-9.14 19.36-17.552 25.5-25.5s9-14.813 9-23.5c0-11.16-4.354-18.115-10.5-23.5S406.95 128 400 128zm-238 16c2.438 47.307 14.357 105.51 33 153.5 10.315 26.556 22.414 49.48 34 65s21.802 21.5 26.5 21.5c4.73 0 15.37-6.026 27-21.5s23.62-38.488 34-65c18.77-47.94 31.053-105.953 33.5-153.5H162zm78 48h32v80h-32v-80zm-16 240c-11.48 0-19.36 7.09-25 16h114c-5.64-8.91-13.52-16-25-16h-64z\"><\/path><\/svg><\/span><\/div>\n                        <div\n                          data-colibri-id=\"335-c16\" class=\"h-global-transition-all h-heading style-651 style-local-335-c16 position-relative h-element\">\n                          <!---->\n                          <div class=\"h-heading__outer style-651 style-local-335-c16\">\n                            <!---->\n                            <!---->\n                            <h5 class=\"\">Nos Valeurs<\/h5>\n                          <\/div>\n                      <\/div>\n                      <div data-colibri-id=\"335-c17\" class=\"h-text h-text-component style-652 style-local-335-c17 position-relative h-element\">\n                        <!---->\n                        <!---->\n                        <div class=\"\">\n                          <p>D\u00e9passement de soi<\/p>\n                          <p>Engagement sur le service rendu<\/p>\n                          <p>Conviction, Motivation, Curiosit\u00e9<\/p>\n                          <p>Capacit\u00e9 \u00e0 intervenir au-del\u00e0 du cadre fix\u00e9 (Look out of the box)<\/p>\n                          <p>Recherche perp\u00e9tuelle de notre Valeur Ajout\u00e9e<\/p>\n                          <p>\n                            <br>\n                          <\/p>\n                        <\/div>\n                      <\/div>\n                    <\/div>\n                  <\/div>\n                <\/div>\n                <div class=\"h-column h-column-container d-flex h-col-lg-6 h-col-md-6 h-col-12 style-649-outer style-local-335-c18-outer\">\n                  <div data-colibri-id=\"335-c18\" class=\"d-flex h-flex-basis h-column__inner h-ui-empty-state-container h-px-lg-2 h-px-md-2 h-px-2 v-inner-lg-2 v-inner-md-2 v-inner-2 style-649 style-local-335-c18 position-relative\">\n                    <!---->\n                    <!---->\n                    <div class=\"w-100 h-y-container h-column__content h-column__v-align flex-basis-100\">\n                      <!---->\n                    <\/div>\n                  <\/div>\n                <\/div>\n              <\/div>\n            <\/div>\n          <\/div>\n        <\/div>\n      <\/div>\n    <\/div>\n  <\/div>\n  <div data-colibri-id=\"335-c19\" class=\"h-row-container gutters-row-lg-2 gutters-row-md-2 gutters-row-0 gutters-row-v-lg-2 gutters-row-v-md-2 gutters-row-v-2 style-693 style-local-335-c19 position-relative\">\n    <!---->\n    <div class=\"h-row justify-content-lg-center justify-content-md-center justify-content-center align-items-lg-stretch align-items-md-stretch align-items-stretch gutters-col-lg-2 gutters-col-md-2 gutters-col-0 gutters-col-v-lg-2 gutters-col-v-md-2 gutters-col-v-2\">\n      <!---->\n      <div class=\"h-column h-column-container d-flex h-col-lg-auto h-col-md-auto h-col-auto style-694-outer style-local-335-c20-outer\">\n        <div data-colibri-id=\"335-c20\" class=\"d-flex h-flex-basis h-column__inner h-px-lg-2 h-px-md-2 h-px-2 v-inner-lg-2 v-inner-md-2 v-inner-2 style-694 style-local-335-c20 position-relative\">\n          <!---->\n          <!---->\n          <div class=\"w-100 h-y-container h-column__content h-column__v-align flex-basis-100 align-self-lg-start align-self-md-start align-self-start\">\n            <!---->\n            <div data-colibri-id=\"335-c21\" class=\"h-icon style-650 style-local-335-c21 position-relative h-element\">\n              <!----><span class=\"h-svg-icon h-icon__icon style-650-icon style-local-335-c21-icon\"><!--Icon by Icons8 Line Awesome (https:\/\/icons8.com\/line-awesome)--><svg version=\"1.1\" xmlns=\"http:\/\/www.w3.org\/2000\/svg\" xmlns:xlink=\"http:\/\/www.w3.org\/1999\/xlink\" id=\"comments\" viewBox=\"0 0 512 545.5\"><path d=\"M32 112h320v256H197.5L122 428.5l-26 21V368H32V112zm32 32v192h64v46.5l54-43 4.5-3.5H320V144H64zm320 32h96v256h-64v81.5L314.5 432h-149l40-32h120l58.5 46.5V400h64V208h-64v-32z\"><\/path><\/svg><\/span><\/div>\n            <div\n              data-colibri-id=\"335-c22\" class=\"h-global-transition-all h-heading style-651 style-local-335-c22 position-relative h-element\">\n              <!---->\n              <div class=\"h-heading__outer style-651 style-local-335-c22\">\n                <!---->\n                <!---->\n                <h5 class=\"\">En r\u00e9sum\u00e9<\/h5>\n              <\/div>\n          <\/div>\n          <div data-colibri-id=\"335-c23\" class=\"d-block style-661 style-local-335-c23 position-relative h-element\">\n            <!---->\n            <div class=\"h-image__frame-container-outer\">\n              <div class=\"h-image__frame-container\">\n                <!---->\n                <!---->\n                <img loading=\"lazy\" decoding=\"async\" width=\"423\" height=\"391\" src=\"http:\/\/www.laboiteait.fr\/wp-content\/uploads\/2025\/11\/SimplicIT-1.png\" class=\"wp-image-384 style-661-image style-local-335-c23-image\" alt=\"\" srcset=\"https:\/\/www.laboiteait.fr\/wp-content\/uploads\/2025\/11\/SimplicIT-1.png 423w, https:\/\/www.laboiteait.fr\/wp-content\/uploads\/2025\/11\/SimplicIT-1-300x277.png 300w\" sizes=\"auto, (max-width: 423px) 100vw, 423px\" \/>\n                <div class=\"h-image__frame h-hide-lg h-hide-md h-hide-sm style-661-frameImage style-local-335-c23-frameImage\"><\/div>\n              <\/div>\n            <\/div>\n          <\/div>\n        <\/div>\n      <\/div>\n    <\/div>\n  <\/div>\n<\/div>\n<\/div>\n<\/div>\n<div data-colibri-component=\"section\" data-colibri-id=\"335-c28\" id=\"about\" class=\"h-section h-section-global-spacing d-flex align-items-lg-center align-items-md-center align-items-center style-677 style-local-335-c28 position-relative\">\n  <!---->\n  <!---->\n  <div class=\"h-section-grid-container h-section-boxed-container\">\n    <!---->\n    <div data-colibri-id=\"335-c29\" class=\"h-row-container gutters-row-lg-2 gutters-row-md-2 gutters-row-2 gutters-row-v-lg-2 gutters-row-v-md-2 gutters-row-v-2 style-678 style-local-335-c29 position-relative\">\n      <!---->\n      <div class=\"h-row justify-content-lg-center justify-content-md-center justify-content-center align-items-lg-stretch align-items-md-stretch align-items-stretch gutters-col-lg-2 gutters-col-md-2 gutters-col-2 gutters-col-v-lg-2 gutters-col-v-md-2 gutters-col-v-2\">\n        <!---->\n        <div class=\"h-column h-column-container d-flex h-col-lg-auto h-col-md-auto h-col-auto style-679-outer style-local-335-c30-outer\">\n          <div data-colibri-id=\"335-c30\" class=\"d-flex h-flex-basis h-column__inner h-px-lg-2 h-px-md-2 h-px-2 v-inner-lg-2 v-inner-md-2 v-inner-2 style-679 style-local-335-c30 position-relative\">\n            <!---->\n            <!---->\n            <div class=\"w-100 h-y-container h-column__content h-column__v-align flex-basis-100 align-self-lg-center align-self-md-center align-self-center\">\n              <!---->\n              <div data-colibri-id=\"335-c31\" class=\"h-global-transition-all h-heading style-680 style-local-335-c31 position-relative h-element\">\n                <!---->\n                <div class=\"h-heading__outer style-680 style-local-335-c31\">\n                  <!---->\n                  <!---->\n                  <h5 class=\"\">Pourquoi nous choisir?<\/h5>\n                <\/div>\n              <\/div>\n              <div data-colibri-id=\"335-c32\" class=\"h-global-transition-all h-heading style-681 style-local-335-c32 position-relative h-element\">\n                <!---->\n                <div class=\"h-heading__outer style-681 style-local-335-c32\">\n                  <!---->\n                  <!---->\n                  <h2 class=\"\">Plut\u00f4t qu&rsquo;un discours&nbsp;<em style=\"color: rgb(3, 169, 244); font-family: &quot;Playfair Display&quot;;\">commercial, <\/em>si on se parlait&nbsp;<em style=\"color: rgb(3, 169, 244); font-family: &quot;Playfair Display&quot;;\">vrai?<\/em><\/h2>\n                <\/div>\n              <\/div>\n              <div data-colibri-id=\"335-c33\" class=\"h-lead h-text h-text-component style-682 style-local-335-c33 position-relative h-element\">\n                <!---->\n                <!---->\n                <div class=\"\">\n                  <p>Nous choisir, c&rsquo;est faire appel \u00e0 des experts, qui demandent \u00e0 continuer de progresser, d&rsquo;apprendre, qui souhaitent apporter leurs connaissances et leurs mani\u00e8res de faire \u00e0 ceux qui en ont besoin. Nous ne sommes peut-\u00eatre pas meilleurs\n                    que les autres, mais en tout cas, nous avons envie de mieux faire, et de le faire pour vous, avec vous<\/p>\n                <\/div>\n              <\/div>\n              <div data-colibri-id=\"335-c34\" class=\"h-x-container style-683 style-local-335-c34 position-relative h-element\">\n                <!---->\n                <div class=\"h-x-container-inner style-dynamic-335-c34-group style-683-spacing style-local-335-c34-spacing\"><span class=\"h-button__outer style-684-outer style-local-335-c35-outer d-inline-flex h-element\"><a h-use-smooth-scroll=\"true\" href=\"https:\/\/www.laboiteait.fr\/index.php\/monappli\/\"  data-colibri-id=\"335-c35\" class=\"d-flex w-100 align-items-center h-button justify-content-lg-center justify-content-md-center justify-content-center style-684 style-local-335-c35 position-relative\"><!----><!----> <span>Nous contacter<\/span><\/a>\n                  <\/span>\n                <\/div>\n              <\/div>\n            <\/div>\n          <\/div>\n        <\/div>\n        <div class=\"h-column h-column-container d-flex h-col-lg-auto h-col-md-auto h-col-auto style-685-outer style-local-335-c36-outer\">\n          <div data-colibri-id=\"335-c36\" class=\"d-flex h-flex-basis h-column__inner h-px-lg-2 h-px-md-2 h-px-2 v-inner-lg-2 v-inner-md-2 v-inner-2 style-685 style-local-335-c36 position-relative\">\n            <!---->\n            <!---->\n            <div class=\"w-100 h-y-container h-column__content h-column__v-align flex-basis-100 align-self-lg-center align-self-md-center align-self-center\">\n              <!---->\n              <div data-colibri-id=\"335-c37\" class=\"d-block style-686 style-local-335-c37 position-relative h-element\">\n                <!---->\n                <div class=\"h-image__frame-container-outer\">\n                  <div class=\"h-image__frame-container\">\n                    <!---->\n                    <!---->\n                    <img decoding=\"async\" src=\"http:\/\/www.laboiteait.fr\/wp-content\/uploads\/2025\/11\/colibri-image-320.png\" class=\"wp-image-1488 style-686-image style-local-335-c37-image\" alt=\"\" \/>\n                    <div class=\"h-image__frame h-hide-sm style-686-frameImage style-local-335-c37-frameImage\"><\/div>\n                  <\/div>\n                <\/div>\n              <\/div>\n            <\/div>\n          <\/div>\n        <\/div>\n      <\/div>\n    <\/div>\n  <\/div>\n<\/div>\n<\/div>","protected":false},"excerpt":{"rendered":"<p>Pourquoi sera-t-elle simple ? Le plus compliqu\u00e9, c&rsquo;est de faire simple, alors faisons-le. Notre mission sera de faciliter la v\u00f4tre, faire en sorte que tout vous paraisse simple, d&rsquo;all\u00e9ger les d\u00e9marches pour gagner en rapidit\u00e9. Nous serons votre Task-Force pour intervenir efficacement, selon vos directives. comment? En vulgarisant le discours des experts, pour que tout [&hellip;]<\/p>\n","protected":false},"author":1,"featured_media":0,"parent":32,"menu_order":0,"comment_status":"closed","ping_status":"closed","template":"page-templates\/full-width-page.php","meta":{"footnotes":""},"class_list":["post-335","page","type-page","status-publish","hentry"],"_links":{"self":[{"href":"https:\/\/www.laboiteait.fr\/index.php\/wp-json\/wp\/v2\/pages\/335","targetHints":{"allow":["GET"]}}],"collection":[{"href":"https:\/\/www.laboiteait.fr\/index.php\/wp-json\/wp\/v2\/pages"}],"about":[{"href":"https:\/\/www.laboiteait.fr\/index.php\/wp-json\/wp\/v2\/types\/page"}],"author":[{"embeddable":true,"href":"https:\/\/www.laboiteait.fr\/index.php\/wp-json\/wp\/v2\/users\/1"}],"replies":[{"embeddable":true,"href":"https:\/\/www.laboiteait.fr\/index.php\/wp-json\/wp\/v2\/comments?post=335"}],"version-history":[{"count":20,"href":"https:\/\/www.laboiteait.fr\/index.php\/wp-json\/wp\/v2\/pages\/335\/revisions"}],"predecessor-version":[{"id":685,"href":"https:\/\/www.laboiteait.fr\/index.php\/wp-json\/wp\/v2\/pages\/335\/revisions\/685"}],"up":[{"embeddable":true,"href":"https:\/\/www.laboiteait.fr\/index.php\/wp-json\/wp\/v2\/pages\/32"}],"wp:attachment":[{"href":"https:\/\/www.laboiteait.fr\/index.php\/wp-json\/wp\/v2\/media?parent=335"}],"curies":[{"name":"wp","href":"https:\/\/api.w.org\/{rel}","templated":true}]}}